{"id":36,"date":"2023-12-18T13:29:59","date_gmt":"2023-12-18T13:29:59","guid":{"rendered":"https:\/\/99percents.org\/?page_id=36"},"modified":"2024-01-04T11:03:09","modified_gmt":"2024-01-04T11:03:09","slug":"main","status":"publish","type":"page","link":"https:\/\/prod.99percents.org\/de\/","title":{"rendered":"Main"},"content":{"rendered":"<div class=\"wp-block-columns alignfull has-custom-1-background-color has-background is-layout-flex wp-container-core-columns-is-layout-b10947d7 wp-block-columns-is-layout-flex\" style=\"padding-top:50px;padding-bottom:50px\">\n<div class=\"wp-block-column is-vertically-aligned-center is-layout-flow wp-block-column-is-layout-flow\" style=\"padding-right:30px;padding-left:30px\">\n<p class=\"has-text-align-center sub-title\" style=\"letter-spacing:5px\">HUMAN GROWTH HORMONE<\/p>\n\n\n\n<h1 class=\"wp-block-heading has-text-align-center main-title\" style=\"text-transform:uppercase\"><span>99%<\/span><br>somatropin<\/h1>\n\n\n\n<p class=\"has-text-align-center\" style=\"letter-spacing:1px\">Der Name \u201eSomatropin 99 %\u201c spricht f\u00fcr sich und bedeutet einen hohen Reinigungsgrad des Produkts. Die Reinheit des Produkts wird anhand aller erforderlichen Parameter kontrolliert: Protein, Lipide, Pyrogenit\u00e4tsgrad usw. Dank der Verwendung moderner Technologien und patentierter Produktionsmethoden weist das Produkt eine hohe biologische Aktivit\u00e4t auf, die regelm\u00e4\u00dfig an eukaryotischen Zellkulturen getestet wird .<\/p>\n<\/div>\n\n\n\n<div class=\"wp-block-column is-layout-flow wp-block-column-is-layout-flow\">\n<figure class=\"wp-block-image size-full\"><img loading=\"lazy\" decoding=\"async\" width=\"800\" height=\"800\" src=\"https:\/\/99percents.org\/wp-content\/uploads\/2023\/12\/1-800.jpg\" alt=\"\" class=\"wp-image-57\" style=\"object-fit:cover\" srcset=\"https:\/\/prod.99percents.org\/wp-content\/uploads\/2023\/12\/1-800.jpg 800w, https:\/\/prod.99percents.org\/wp-content\/uploads\/2023\/12\/1-800-300x300.jpg 300w, https:\/\/prod.99percents.org\/wp-content\/uploads\/2023\/12\/1-800-150x150.jpg 150w, https:\/\/prod.99percents.org\/wp-content\/uploads\/2023\/12\/1-800-768x768.jpg 768w\" sizes=\"auto, (max-width: 800px) 100vw, 800px\" \/><\/figure>\n<\/div>\n<\/div>\n\n\n\n<div class=\"wp-block-columns is-layout-flex wp-container-core-columns-is-layout-b10947d7 wp-block-columns-is-layout-flex\" id=\"application\" style=\"padding-top:50px;padding-bottom:50px\">\n<div class=\"wp-block-column is-layout-flow wp-block-column-is-layout-flow\">\n<figure class=\"wp-block-image size-full\"><img loading=\"lazy\" decoding=\"async\" width=\"600\" height=\"720\" src=\"https:\/\/99percents.org\/wp-content\/uploads\/2023\/12\/2.jpg\" alt=\"\" class=\"wp-image-13\" style=\"object-fit:cover\" srcset=\"https:\/\/prod.99percents.org\/wp-content\/uploads\/2023\/12\/2.jpg 600w, https:\/\/prod.99percents.org\/wp-content\/uploads\/2023\/12\/2-250x300.jpg 250w\" sizes=\"auto, (max-width: 600px) 100vw, 600px\" \/><\/figure>\n<\/div>\n\n\n\n<div class=\"wp-block-column is-vertically-aligned-center is-layout-flow wp-block-column-is-layout-flow\">\n<h3 class=\"wp-block-heading\">Einsatzgebiete:<\/h3>\n\n\n\n<ul class=\"wp-block-list\">\n<li>erh\u00f6hte Proteinsynthese;<\/li>\n\n\n\n<li>stimulation anaboler Prozesse;<\/li>\n\n\n\n<li>st\u00e4rkung der Muskelstruktur und des Bandapparates;<\/li>\n\n\n\n<li>reduzierung des Anteils an viszeralem und subkutanem Fett;<\/li>\n\n\n\n<li>regeneration nach Verletzungen;<\/li>\n\n\n\n<li>st\u00e4rkung des Immunsystems;<\/li>\n\n\n\n<li>verj\u00fcngung des K\u00f6rpers (erkennbar an einer Verringerung der Verk\u00fcrzungsrate der W\u00e4rmez\u00e4hler w\u00e4hrend der histologischen Analyse);<\/li>\n\n\n\n<li>behandlung von Erkrankungen des Nervensystems.<\/li>\n<\/ul>\n\n\n\n<p><em>* Konsultieren Sie vor der Anwendung Ihren Arzt<\/em><\/p>\n<\/div>\n<\/div>\n\n\n\n<div class=\"wp-block-group alignfull has-nv-light-bg-background-color has-background\" id=\"manufacture\" style=\"padding-top:50px;padding-right:5vw;padding-bottom:50px;padding-left:5vw\"><div class=\"wp-block-group__inner-container is-layout-flow wp-block-group-is-layout-flow\">\n<div class=\"wp-block-columns is-layout-flex wp-container-core-columns-is-layout-9d6595d7 wp-block-columns-is-layout-flex\">\n<div class=\"wp-block-column is-layout-flow wp-block-column-is-layout-flow\">\n<h2 class=\"wp-block-heading\"><strong>Wie wird rekombinantes Wachstumshormon hergestellt<\/strong><\/h2>\n<\/div>\n<\/div>\n\n\n\n<div class=\"wp-block-columns is-layout-flex wp-container-core-columns-is-layout-9d6595d7 wp-block-columns-is-layout-flex\">\n<div class=\"wp-block-column is-vertically-aligned-top is-layout-flow wp-block-column-is-layout-flow\">\n<p class=\"has-text-color\" style=\"color:#000000;font-size:17px\">Synthetisiertes Wachstumshormon wurde erstmals 1985 auf der Grundlage rekombinanter DNA mit einer Aminos\u00e4uresequenz gewonnen, die mit der des menschlichen Wachstumshormons identisch war. Seitdem wird begonnen, die Auswirkungen einer Wachstumshormonersatztherapie bei Erwachsenen zu untersuchen. In den 1990er Jahren wurde rekombinantes Wachstumshormon schlie\u00dflich zur Behandlung von Wachstumshormonmangel bei Erwachsenen zugelassen.<\/p>\n\n\n\n<p class=\"has-text-color\" style=\"color:#000000;font-size:17px\">Somatotropin ist in seiner Struktur ein Polypeptid, das aus 191 Aminos\u00e4ureresten besteht und zwei Disulfidbr\u00fccken aufweist.<\/p>\n\n\n\n<p class=\"has-text-color\" style=\"color:#000000;font-size:17px\">Der technologische Zyklus zur Herstellung von rekombinantem Somatotropin besteht aus 5 Phasen:<\/p>\n\n\n\n<ul class=\"wp-block-list\">\n<li>Konstruktion rekombinanter DNA, um eine transformierte Mikroorganismuszelle zu erhalten;<\/li>\n\n\n\n<li>G\u00e4rung<\/li>\n\n\n\n<li>Isolierung und Reinigung: prim\u00e4re Proteinreinigung, chromatographische Reinigung;<\/li>\n\n\n\n<li>Herstellung der Darreichungsform;<\/li>\n\n\n\n<li>Analyse der Qualit\u00e4t der Substanz und Darreichungsform von Somatotropin.<\/li>\n<\/ul>\n<\/div>\n\n\n\n<div class=\"wp-block-column is-layout-flow wp-block-column-is-layout-flow\" style=\"flex-basis:40%\">\n<figure class=\"wp-block-image size-full\"><img loading=\"lazy\" decoding=\"async\" width=\"750\" height=\"1000\" src=\"https:\/\/99percents.org\/wp-content\/uploads\/2023\/12\/3.jpg\" alt=\"\" class=\"wp-image-14\" srcset=\"https:\/\/prod.99percents.org\/wp-content\/uploads\/2023\/12\/3.jpg 750w, https:\/\/prod.99percents.org\/wp-content\/uploads\/2023\/12\/3-225x300.jpg 225w\" sizes=\"auto, (max-width: 750px) 100vw, 750px\" \/><\/figure>\n<\/div>\n<\/div>\n\n\n\n<div style=\"height:30px\" aria-hidden=\"true\" class=\"wp-block-spacer\"><\/div>\n\n\n\n<div class=\"wp-block-columns is-layout-flex wp-container-core-columns-is-layout-724a882f wp-block-columns-is-layout-flex\">\n<div class=\"wp-block-column is-vertically-aligned-center is-layout-flow wp-block-column-is-layout-flow\" style=\"flex-basis:50%\">\n<figure class=\"wp-block-image size-full\"><img loading=\"lazy\" decoding=\"async\" width=\"1000\" height=\"562\" src=\"https:\/\/99percents.org\/wp-content\/uploads\/2023\/12\/4.jpg\" alt=\"\" class=\"wp-image-15\" style=\"aspect-ratio:4\/3;object-fit:cover\" srcset=\"https:\/\/prod.99percents.org\/wp-content\/uploads\/2023\/12\/4.jpg 1000w, https:\/\/prod.99percents.org\/wp-content\/uploads\/2023\/12\/4-300x169.jpg 300w, https:\/\/prod.99percents.org\/wp-content\/uploads\/2023\/12\/4-768x432.jpg 768w\" sizes=\"auto, (max-width: 1000px) 100vw, 1000px\" \/><\/figure>\n<\/div>\n\n\n\n<div class=\"wp-block-column is-vertically-aligned-center is-layout-flow wp-block-column-is-layout-flow\" style=\"padding-right:15px;padding-left:15px\">\n<p class=\"has-text-color\" style=\"color:#000000;font-size:17px\">Im ersten Schritt wird eine doppelstr\u00e4ngige DNA-Kopie der mRNA kloniert und durch Verdauung mit Restriktionsendonukleasen eine Sequenz erhalten, die die gesamte Aminos\u00e4uresequenz des Hormons mit Ausnahme der ersten 23 Aminos\u00e4uren kodiert. Anschlie\u00dfend wird mithilfe einer chemischen Methode ein Polypeptid synthetisiert, das den Aminos\u00e4uren 1 bis 23 entspricht. Als n\u00e4chstes werden die beiden Fragmente kombiniert.<\/p>\n\n\n\n<p class=\"has-text-color\" style=\"color:#000000;font-size:17px\">Der Produktionsprozess erfolgt in aseptischer Technologie ohne thermische Sterilisation unter Zugabe bestimmter Hilfsstoffe, die Stabilit\u00e4t, L\u00f6slichkeit des Stoffes und Sterilit\u00e4t gew\u00e4hrleisten.<\/p>\n\n\n\n<p class=\"has-text-color\" style=\"color:#000000;font-size:17px\">Die Fermentation erfolgt in Bioreaktoren durch Tiefenkultivierung unter aeroben Bedingungen auf f\u00fcr Mikroorganismen traditionellen N\u00e4hrmedien. Die Zellzerst\u00f6rung erfolgt mit einer chemischen Methode: Natriumbicarbonatl\u00f6sung mit pH = 11 (98 %).<\/p>\n<\/div>\n<\/div>\n<\/div><\/div>\n\n\n\n<div id=\"about-hgh\" class=\"wp-block-group\" style=\"padding-top:50px;padding-bottom:50px\"><div class=\"wp-block-group__inner-container is-layout-constrained wp-block-group-is-layout-constrained\">\n<h2 class=\"wp-block-heading\"><strong>\u00dcber Wachstumshormon<\/strong><\/h2>\n\n\n\n<div class=\"wp-block-columns is-layout-flex wp-container-core-columns-is-layout-9d6595d7 wp-block-columns-is-layout-flex\">\n<div class=\"wp-block-column is-vertically-aligned-center is-layout-flow wp-block-column-is-layout-flow\">\n<p>Das Problem des Wachstumshormonmangels wird seit langem als eine Erkrankung des Kindesalters betrachtet. In den letzten Jahren wurde jedoch zunehmend \u00fcber die physiologische Rolle des Wachstumshormons bei Erwachsenen diskutiert. Ein Wachstumshormonmangel bei Erwachsenen kann sich klinisch manifestieren und zu schwerwiegenden Stoffwechselst\u00f6rungen f\u00fchren, die eine rechtzeitige Diagnose und Behandlung erfordern.<\/p>\n\n\n\n<p>W\u00e4hrend des gesamten Lebens stimuliert das Wachstumshormon die Chondrogenese und Mineralisierung des Knochengewebes, das Gewebe- und Organwachstum, erh\u00f6ht den Muskelanabolismus, die Glykogenolyse und die Gluconeogenese, zeigt eine gegeninselige Aktivit\u00e4t, verbessert die Mobilisierung freier Fetts\u00e4uren und erh\u00f6ht die Absorption von Kalzium und Phosphaten im Magen-Darm-Trakt Durch die R\u00fcckresorption von Phosphaten in den Nieren wird die Freisetzung von Kalium und Natrium verringert.<\/p>\n\n\n\n<p>GH hat eine vor\u00fcbergehende (w\u00e4hrend der ersten 30\u201340 Minuten) insulin\u00e4hnliche Wirkung auf den Fettstoffwechsel, die sich in verst\u00e4rkten Lipogeneseprozessen \u00e4u\u00dfert. Im Gegenteil verst\u00e4rken sich in Zukunft jedoch die Prozesse der Lipolyse und Mobilisierung von Fett aus dem Depot, was zu einem Anstieg der freien Fetts\u00e4uren im Blutplasma f\u00fchrt. Der lipolytische Effekt beruht auf einer Verringerung der Gr\u00f6\u00dfe reifer Adipozyten, was zu einer Gesamtverringerung des Fettgewebevolumens f\u00fchrt.<\/p>\n<\/div>\n\n\n\n<div class=\"wp-block-column is-layout-flow wp-block-column-is-layout-flow\">\n<figure class=\"wp-block-image size-full\"><img loading=\"lazy\" decoding=\"async\" width=\"600\" height=\"800\" src=\"https:\/\/99percents.org\/wp-content\/uploads\/2023\/12\/5.jpg\" alt=\"\" class=\"wp-image-168\" srcset=\"https:\/\/prod.99percents.org\/wp-content\/uploads\/2023\/12\/5.jpg 600w, https:\/\/prod.99percents.org\/wp-content\/uploads\/2023\/12\/5-225x300.jpg 225w\" sizes=\"auto, (max-width: 600px) 100vw, 600px\" \/><\/figure>\n<\/div>\n<\/div>\n\n\n\n<div class=\"wp-block-columns is-layout-flex wp-container-core-columns-is-layout-9d6595d7 wp-block-columns-is-layout-flex\">\n<div class=\"wp-block-column is-layout-flow wp-block-column-is-layout-flow\">\n<p>Ein Mangel an Wachstumshormonen im K\u00f6rper f\u00fchrt zu einer Verschlechterung der Lebensqualit\u00e4t und der Manifestation von Symptomen, deren Ursache h\u00e4ufig in anderen Krankheiten liegt. Derzeit wird zunehmend eine rekombinante Wachstumshormon-Ersatztherapie eingesetzt, die ein breites Spektrum an positiven Wirkungen hat. Die Verwendung von somatotropem Hormon verlangsamt die Alterung des K\u00f6rpers, st\u00e4rkt die osteochondrale Struktur und verbessert die Funktion des Herz-Kreislauf-Systems. Das somatotrope Hormon beschleunigt die Heilung von Verletzungen und hilft au\u00dferdem, die Muskelmasse zu erh\u00f6hen und den Anteil an viszeralem und subkutanem Fett zu reduzieren. Dieser Effekt ist bei Sportlern am st\u00e4rksten ausgepr\u00e4gt.<\/p>\n\n\n\n<p style=\"font-style:italic;font-weight:400\">* Bevor Sie mit der Ersatztherapie beginnen, konsultieren Sie Ihren Arzt und lesen Sie die Gebrauchsanweisung des Pr\u00e4parats sorgf\u00e4ltig durch.<\/p>\n<\/div>\n<\/div>\n<\/div><\/div>\n\n\n\n<hr class=\"wp-block-separator alignfull has-text-color has-nv-light-bg-color has-alpha-channel-opacity has-nv-light-bg-background-color has-background\"\/>\n\n\n\n<div id=\"contact-us\" class=\"wp-block-group\" style=\"padding-top:50px;padding-bottom:50px\"><div class=\"wp-block-group__inner-container is-layout-constrained wp-block-group-is-layout-constrained\">\n<h2 class=\"wp-block-heading has-text-align-center\">Kontaktiere uns<\/h2>\n\n\n\n<div style=\"height:50px\" aria-hidden=\"true\" class=\"wp-block-spacer\"><\/div>\n\n\n\n<div class=\"wp-block-contact-form-7-contact-form-selector\">\n<div class=\"wpcf7 no-js\" id=\"wpcf7-f129-o1\" lang=\"en-US\" dir=\"ltr\">\n<div class=\"screen-reader-response\"><p role=\"status\" aria-live=\"polite\" aria-atomic=\"true\"><\/p> <ul><\/ul><\/div>\n<form action=\"\/de\/wp-json\/wp\/v2\/pages\/36#wpcf7-f129-o1\" method=\"post\" class=\"wpcf7-form init\" aria-label=\"Contact form\" novalidate=\"novalidate\" data-status=\"init\" data-trp-original-action=\"\/de\/wp-json\/wp\/v2\/pages\/36#wpcf7-f129-o1\">\n<div style=\"display: none;\">\n<input type=\"hidden\" name=\"_wpcf7\" value=\"129\" \/>\n<input type=\"hidden\" name=\"_wpcf7_version\" value=\"5.8.5\" \/>\n<input type=\"hidden\" name=\"_wpcf7_locale\" value=\"en_US\" \/>\n<input type=\"hidden\" name=\"_wpcf7_unit_tag\" value=\"wpcf7-f129-o1\" \/>\n<input type=\"hidden\" name=\"_wpcf7_container_post\" value=\"0\" \/>\n<input type=\"hidden\" name=\"_wpcf7_posted_data_hash\" value=\"\" \/>\n<\/div>\n<div class=\"form_wrapper\">\n\t<div class=\"form_firsline\">\n\t\t<p><span class=\"wpcf7-form-control-wrap\" data-name=\"your-name\"><input size=\"40\" class=\"wpcf7-form-control wpcf7-text wpcf7-validates-as-required form_input\" aria-required=\"true\" aria-invalid=\"false\" placeholder=\"Name\" value=\"\" type=\"text\" name=\"your-name\" \/><\/span>\n\t\t<\/p>\n\t\t<p><span class=\"wpcf7-form-control-wrap\" data-name=\"your-email\"><input size=\"40\" class=\"wpcf7-form-control wpcf7-email wpcf7-validates-as-required wpcf7-text wpcf7-validates-as-email form_input\" aria-required=\"true\" aria-invalid=\"false\" placeholder=\"Email\" value=\"\" type=\"email\" name=\"your-email\" \/><\/span>\n\t\t<\/p>\n\t<\/div>\n\t<div class=\"form_secondline\">\n\t\t<p><span class=\"wpcf7-form-control-wrap\" data-name=\"your-message\"><textarea cols=\"40\" rows=\"3\" class=\"wpcf7-form-control wpcf7-textarea wpcf7-validates-as-required form_textarea\" aria-required=\"true\" aria-invalid=\"false\" placeholder=\"Ihre Frage\" name=\"your-message\"><\/textarea><\/span>\n\t\t<\/p>\n\t<\/div>\n\t<div class=\"response_wrapper\">\n\t<div class=\"wpcf7-response-output\" aria-hidden=\"true\"><\/div>\n\t<\/div>\n\t<div class=\"form_button_wrapper\">\n\t\t<p><input class=\"wpcf7-form-control wpcf7-submit has-spinner form_button\" type=\"submit\" value=\"Nachricht senden\" \/>\n\t\t<\/p>\n\t<\/div>\n<\/div>\n<input type=\"hidden\" name=\"trp-form-language\" value=\"de\"\/><\/form>\n<\/div>\n<\/div>\n<\/div><\/div>","protected":false},"excerpt":{"rendered":"<p>HUMAN GROWTH HORMONE 99%somatropin The name &#8220;Somatropin 99%&#8221; speaks for itself and means a high degree of purification of the product. The purity of the product is controlled according to all required parameters: protein, lipids, degree of pyrogenicity, etc. Thanks to the use of modern technologies and patented production methods, the product has high biological&hellip;&nbsp;<a href=\"https:\/\/prod.99percents.org\/de\/\" class=\"\" rel=\"bookmark\">Weiterlesen &raquo;<span class=\"screen-reader-text\">Main<\/span><\/a><\/p>","protected":false},"author":1,"featured_media":0,"parent":0,"menu_order":0,"comment_status":"closed","ping_status":"closed","template":"","meta":{"neve_meta_sidebar":"","neve_meta_container":"","neve_meta_enable_content_width":"","neve_meta_content_width":0,"neve_meta_title_alignment":"","neve_meta_author_avatar":"","neve_post_elements_order":"","neve_meta_disable_header":"","neve_meta_disable_footer":"on","neve_meta_disable_title":"","footnotes":""},"class_list":["post-36","page","type-page","status-publish","hentry"],"_links":{"self":[{"href":"https:\/\/prod.99percents.org\/de\/wp-json\/wp\/v2\/pages\/36","targetHints":{"allow":["GET"]}}],"collection":[{"href":"https:\/\/prod.99percents.org\/de\/wp-json\/wp\/v2\/pages"}],"about":[{"href":"https:\/\/prod.99percents.org\/de\/wp-json\/wp\/v2\/types\/page"}],"author":[{"embeddable":true,"href":"https:\/\/prod.99percents.org\/de\/wp-json\/wp\/v2\/users\/1"}],"replies":[{"embeddable":true,"href":"https:\/\/prod.99percents.org\/de\/wp-json\/wp\/v2\/comments?post=36"}],"version-history":[{"count":78,"href":"https:\/\/prod.99percents.org\/de\/wp-json\/wp\/v2\/pages\/36\/revisions"}],"predecessor-version":[{"id":314,"href":"https:\/\/prod.99percents.org\/de\/wp-json\/wp\/v2\/pages\/36\/revisions\/314"}],"wp:attachment":[{"href":"https:\/\/prod.99percents.org\/de\/wp-json\/wp\/v2\/media?parent=36"}],"curies":[{"name":"wp","href":"https:\/\/api.w.org\/{rel}","templated":true}]}}